{"id":5505,"date":"2022-09-22T09:05:59","date_gmt":"2022-09-22T09:05:59","guid":{"rendered":"http:\/\/digital.uvt.ro\/mail-uvt\/"},"modified":"2022-09-22T09:05:59","modified_gmt":"2022-09-22T09:05:59","slug":"mail-uvt","status":"publish","type":"page","link":"http:\/\/digital.uvt.ro\/en\/mail-uvt\/","title":{"rendered":"Mail uvt"},"content":{"rendered":"","protected":false},"excerpt":{"rendered":"","protected":false},"author":1,"featured_media":0,"parent":0,"menu_order":0,"comment_status":"closed","ping_status":"closed","template":"","meta":{"_monsterinsights_skip_tracking":false,"_monsterinsights_sitenote_active":false,"_monsterinsights_sitenote_note":"","_monsterinsights_sitenote_category":0,"footnotes":""},"class_list":["post-5505","page","type-page","status-publish","hentry"],"yoast_head":"<!-- This site is optimized with the Yoast SEO plugin v24.7 - https:\/\/yoast.com\/wordpress\/plugins\/seo\/ -->\n<title>Mail uvt - DTDA<\/title>\n<meta name=\"robots\" content=\"index, follow, max-snippet:-1, max-image-preview:large, max-video-preview:-1\" \/>\n<link rel=\"canonical\" href=\"http:\/\/digital.uvt.ro\/mail-uvt\/\" \/>\n<meta property=\"og:locale\" content=\"en_US\" \/>\n<meta property=\"og:type\" content=\"article\" \/>\n<meta property=\"og:title\" content=\"Mail uvt - DTDA\" \/>\n<meta property=\"og:url\" content=\"http:\/\/digital.uvt.ro\/mail-uvt\/\" \/>\n<meta property=\"og:site_name\" content=\"DTDA\" \/>\n<meta name=\"twitter:card\" content=\"summary_large_image\" \/>\n<script type=\"application\/ld+json\" class=\"yoast-schema-graph\">{\"@context\":\"https:\/\/schema.org\",\"@graph\":[{\"@type\":\"WebPage\",\"@id\":\"http:\/\/digital.uvt.ro\/mail-uvt\/\",\"url\":\"http:\/\/digital.uvt.ro\/mail-uvt\/\",\"name\":\"Mail uvt - DTDA\",\"isPartOf\":{\"@id\":\"http:\/\/digital.uvt.ro\/#website\"},\"datePublished\":\"2022-09-22T09:05:59+00:00\",\"breadcrumb\":{\"@id\":\"http:\/\/digital.uvt.ro\/mail-uvt\/#breadcrumb\"},\"inLanguage\":\"en-US\",\"potentialAction\":[{\"@type\":\"ReadAction\",\"target\":[\"http:\/\/digital.uvt.ro\/mail-uvt\/\"]}]},{\"@type\":\"BreadcrumbList\",\"@id\":\"http:\/\/digital.uvt.ro\/mail-uvt\/#breadcrumb\",\"itemListElement\":[{\"@type\":\"ListItem\",\"position\":1,\"name\":\"Home\",\"item\":\"http:\/\/digital.uvt.ro\/en\/home\/\"},{\"@type\":\"ListItem\",\"position\":2,\"name\":\"Mail uvt\"}]},{\"@type\":\"WebSite\",\"@id\":\"http:\/\/digital.uvt.ro\/#website\",\"url\":\"http:\/\/digital.uvt.ro\/\",\"name\":\"Digital Transformation and Data Analysis\",\"description\":\"Serviciul Digitalizare \u0219i Analiz\u0103 Date (DTDA) are misiunea de a asigura procese c\u00e2t mai eficiente de transformare digital\u0103 la nivelul comunit\u0103\u021bii academice a UVT, \u00een concordan\u021b\u0103 cu politica institu\u021biei  orientat\u0103 spre digitalizare \u0219i cu reglement\u0103rile legale \u00een vigoare\",\"publisher\":{\"@id\":\"http:\/\/digital.uvt.ro\/#organization\"},\"potentialAction\":[{\"@type\":\"SearchAction\",\"target\":{\"@type\":\"EntryPoint\",\"urlTemplate\":\"http:\/\/digital.uvt.ro\/?s={search_term_string}\"},\"query-input\":{\"@type\":\"PropertyValueSpecification\",\"valueRequired\":true,\"valueName\":\"search_term_string\"}}],\"inLanguage\":\"en-US\"},{\"@type\":\"Organization\",\"@id\":\"http:\/\/digital.uvt.ro\/#organization\",\"name\":\"UVT\",\"url\":\"http:\/\/digital.uvt.ro\/\",\"logo\":{\"@type\":\"ImageObject\",\"inLanguage\":\"en-US\",\"@id\":\"http:\/\/digital.uvt.ro\/#\/schema\/logo\/image\/\",\"url\":\"http:\/\/digital.uvt.ro\/wp-content\/uploads\/2022\/07\/Logo-DTDA-02-1.png\",\"contentUrl\":\"http:\/\/digital.uvt.ro\/wp-content\/uploads\/2022\/07\/Logo-DTDA-02-1.png\",\"width\":1600,\"height\":1599,\"caption\":\"UVT\"},\"image\":{\"@id\":\"http:\/\/digital.uvt.ro\/#\/schema\/logo\/image\/\"}}]}<\/script>\n<!-- \/ Yoast SEO plugin. -->","yoast_head_json":{"title":"Mail uvt - DTDA","robots":{"index":"index","follow":"follow","max-snippet":"max-snippet:-1","max-image-preview":"max-image-preview:large","max-video-preview":"max-video-preview:-1"},"canonical":"http:\/\/digital.uvt.ro\/mail-uvt\/","og_locale":"en_US","og_type":"article","og_title":"Mail uvt - DTDA","og_url":"http:\/\/digital.uvt.ro\/mail-uvt\/","og_site_name":"DTDA","twitter_card":"summary_large_image","schema":{"@context":"https:\/\/schema.org","@graph":[{"@type":"WebPage","@id":"http:\/\/digital.uvt.ro\/mail-uvt\/","url":"http:\/\/digital.uvt.ro\/mail-uvt\/","name":"Mail uvt - DTDA","isPartOf":{"@id":"http:\/\/digital.uvt.ro\/#website"},"datePublished":"2022-09-22T09:05:59+00:00","breadcrumb":{"@id":"http:\/\/digital.uvt.ro\/mail-uvt\/#breadcrumb"},"inLanguage":"en-US","potentialAction":[{"@type":"ReadAction","target":["http:\/\/digital.uvt.ro\/mail-uvt\/"]}]},{"@type":"BreadcrumbList","@id":"http:\/\/digital.uvt.ro\/mail-uvt\/#breadcrumb","itemListElement":[{"@type":"ListItem","position":1,"name":"Home","item":"http:\/\/digital.uvt.ro\/en\/home\/"},{"@type":"ListItem","position":2,"name":"Mail uvt"}]},{"@type":"WebSite","@id":"http:\/\/digital.uvt.ro\/#website","url":"http:\/\/digital.uvt.ro\/","name":"Digital Transformation and Data Analysis","description":"Serviciul Digitalizare \u0219i Analiz\u0103 Date (DTDA) are misiunea de a asigura procese c\u00e2t mai eficiente de transformare digital\u0103 la nivelul comunit\u0103\u021bii academice a UVT, \u00een concordan\u021b\u0103 cu politica institu\u021biei  orientat\u0103 spre digitalizare \u0219i cu reglement\u0103rile legale \u00een vigoare","publisher":{"@id":"http:\/\/digital.uvt.ro\/#organization"},"potentialAction":[{"@type":"SearchAction","target":{"@type":"EntryPoint","urlTemplate":"http:\/\/digital.uvt.ro\/?s={search_term_string}"},"query-input":{"@type":"PropertyValueSpecification","valueRequired":true,"valueName":"search_term_string"}}],"inLanguage":"en-US"},{"@type":"Organization","@id":"http:\/\/digital.uvt.ro\/#organization","name":"UVT","url":"http:\/\/digital.uvt.ro\/","logo":{"@type":"ImageObject","inLanguage":"en-US","@id":"http:\/\/digital.uvt.ro\/#\/schema\/logo\/image\/","url":"http:\/\/digital.uvt.ro\/wp-content\/uploads\/2022\/07\/Logo-DTDA-02-1.png","contentUrl":"http:\/\/digital.uvt.ro\/wp-content\/uploads\/2022\/07\/Logo-DTDA-02-1.png","width":1600,"height":1599,"caption":"UVT"},"image":{"@id":"http:\/\/digital.uvt.ro\/#\/schema\/logo\/image\/"}}]}},"_links":{"self":[{"href":"http:\/\/digital.uvt.ro\/en\/wp-json\/wp\/v2\/pages\/5505","targetHints":{"allow":["GET"]}}],"collection":[{"href":"http:\/\/digital.uvt.ro\/en\/wp-json\/wp\/v2\/pages"}],"about":[{"href":"http:\/\/digital.uvt.ro\/en\/wp-json\/wp\/v2\/types\/page"}],"author":[{"embeddable":true,"href":"http:\/\/digital.uvt.ro\/en\/wp-json\/wp\/v2\/users\/1"}],"replies":[{"embeddable":true,"href":"http:\/\/digital.uvt.ro\/en\/wp-json\/wp\/v2\/comments?post=5505"}],"version-history":[{"count":0,"href":"http:\/\/digital.uvt.ro\/en\/wp-json\/wp\/v2\/pages\/5505\/revisions"}],"wp:attachment":[{"href":"http:\/\/digital.uvt.ro\/en\/wp-json\/wp\/v2\/media?parent=5505"}],"curies":[{"name":"wp","href":"https:\/\/api.w.org\/{rel}","templated":true}]}}