{"id":5506,"date":"2022-09-23T07:32:01","date_gmt":"2022-09-23T05:32:01","guid":{"rendered":"http:\/\/digital.uvt.ro\/curriculum\/"},"modified":"2024-10-28T07:58:39","modified_gmt":"2024-10-28T07:58:39","slug":"curriculum","status":"publish","type":"page","link":"http:\/\/digital.uvt.ro\/en\/curriculum\/","title":{"rendered":"Curriculum<br>"},"content":{"rendered":"\t\t<div data-elementor-type=\"wp-page\" data-elementor-id=\"5506\" class=\"elementor elementor-5506 elementor-2681\" data-elementor-post-type=\"page\">\n\t\t\t\t\t\t<section class=\"elementor-section elementor-top-section elementor-element elementor-element-569bd188 elementor-section-full_width elementor-section-height-min-height elementor-section-items-stretch elementor-reverse-mobile elementor-reverse-tablet elementor-section-height-default\" data-id=\"569bd188\" data-element_type=\"section\">\n\t\t\t\t\t\t<div class=\"elementor-container elementor-column-gap-no\">\n\t\t\t\t\t<div class=\"elementor-column elementor-col-33 elementor-top-column elementor-element elementor-element-76ce44b1\" data-id=\"76ce44b1\" data-element_type=\"column\" data-settings=\"{&quot;background_background&quot;:&quot;classic&quot;}\">\n\t\t\t<div class=\"elementor-widget-wrap elementor-element-populated\">\n\t\t\t\t\t\t<div class=\"elementor-element elementor-element-700f5f69 elementor-widget elementor-widget-spacer\" data-id=\"700f5f69\" data-element_type=\"widget\" data-widget_type=\"spacer.default\">\n\t\t\t\t<div class=\"elementor-widget-container\">\n\t\t\t\t\t\t\t<div class=\"elementor-spacer\">\n\t\t\t<div class=\"elementor-spacer-inner\"><\/div>\n\t\t<\/div>\n\t\t\t\t\t\t<\/div>\n\t\t\t\t<\/div>\n\t\t\t\t\t<\/div>\n\t\t<\/div>\n\t\t\t\t<div class=\"elementor-column elementor-col-66 elementor-top-column elementor-element elementor-element-52a3ebb9\" data-id=\"52a3ebb9\" data-element_type=\"column\" data-settings=\"{&quot;background_background&quot;:&quot;classic&quot;}\">\n\t\t\t<div class=\"elementor-widget-wrap elementor-element-populated\">\n\t\t\t\t\t\t<section class=\"elementor-section elementor-inner-section elementor-element elementor-element-49ee74a9 elementor-section-boxed elementor-section-height-default elementor-section-height-default\" data-id=\"49ee74a9\" data-element_type=\"section\">\n\t\t\t\t\t\t<div class=\"elementor-container elementor-column-gap-default\">\n\t\t\t\t\t<div class=\"elementor-column elementor-col-50 elementor-inner-column elementor-element elementor-element-649b895b\" data-id=\"649b895b\" data-element_type=\"column\">\n\t\t\t<div class=\"elementor-widget-wrap elementor-element-populated\">\n\t\t\t\t\t\t<div class=\"elementor-element elementor-element-b1a058e elementor-widget__width-initial elementor-absolute elementor-widget-tablet__width-initial elementor-hidden-tablet elementor-hidden-mobile elementor-widget elementor-widget-image\" data-id=\"b1a058e\" data-element_type=\"widget\" data-settings=\"{&quot;_position&quot;:&quot;absolute&quot;}\" data-widget_type=\"image.default\">\n\t\t\t\t<div class=\"elementor-widget-container\">\n\t\t\t\t\t\t\t\t\t\t\t\t\t\t\t<img fetchpriority=\"high\" decoding=\"async\" width=\"800\" height=\"534\" src=\"http:\/\/digital.uvt.ro\/wp-content\/uploads\/2022\/09\/AdobeStock_355840289-1024x683.png\" class=\"attachment-large size-large wp-image-2350\" alt=\"\" srcset=\"http:\/\/digital.uvt.ro\/wp-content\/uploads\/2022\/09\/AdobeStock_355840289-1024x683.png 1024w, http:\/\/digital.uvt.ro\/wp-content\/uploads\/2022\/09\/AdobeStock_355840289-300x200.png 300w, http:\/\/digital.uvt.ro\/wp-content\/uploads\/2022\/09\/AdobeStock_355840289-768x512.png 768w, http:\/\/digital.uvt.ro\/wp-content\/uploads\/2022\/09\/AdobeStock_355840289-1536x1024.png 1536w, http:\/\/digital.uvt.ro\/wp-content\/uploads\/2022\/09\/AdobeStock_355840289-2048x1365.png 2048w\" sizes=\"(max-width: 800px) 100vw, 800px\" \/>\t\t\t\t\t\t\t\t\t\t\t\t\t\t\t<\/div>\n\t\t\t\t<\/div>\n\t\t\t\t\t<\/div>\n\t\t<\/div>\n\t\t\t\t<div class=\"elementor-column elementor-col-50 elementor-inner-column elementor-element elementor-element-39778131\" data-id=\"39778131\" data-element_type=\"column\">\n\t\t\t<div class=\"elementor-widget-wrap elementor-element-populated\">\n\t\t\t\t\t\t<div class=\"elementor-element elementor-element-174a909c elementor-widget elementor-widget-heading\" data-id=\"174a909c\" data-element_type=\"widget\" data-widget_type=\"heading.default\">\n\t\t\t\t<div class=\"elementor-widget-container\">\n\t\t\t\t\t<h2 class=\"elementor-heading-title elementor-size-default\">Curriculum<\/h2>\t\t\t\t<\/div>\n\t\t\t\t<\/div>\n\t\t\t\t<div class=\"elementor-element elementor-element-36215bdd elementor-icon-list--layout-inline elementor-align-left elementor-tablet-align-left elementor-list-item-link-full_width elementor-widget elementor-widget-icon-list\" data-id=\"36215bdd\" data-element_type=\"widget\" data-widget_type=\"icon-list.default\">\n\t\t\t\t<div class=\"elementor-widget-container\">\n\t\t\t\t\t\t\t<ul class=\"elementor-icon-list-items elementor-inline-items\">\n\t\t\t\t\t\t\t<li class=\"elementor-icon-list-item elementor-inline-item\">\n\t\t\t\t\t\t\t\t\t\t\t<span class=\"elementor-icon-list-icon\">\n\t\t\t\t\t\t\t<i aria-hidden=\"true\" class=\"fab fa-facebook-f\"><\/i>\t\t\t\t\t\t<\/span>\n\t\t\t\t\t\t\t\t\t\t<span class=\"elementor-icon-list-text\"><\/span>\n\t\t\t\t\t\t\t\t\t<\/li>\n\t\t\t\t\t\t\t\t<li class=\"elementor-icon-list-item elementor-inline-item\">\n\t\t\t\t\t\t\t\t\t\t\t<span class=\"elementor-icon-list-icon\">\n\t\t\t\t\t\t\t<i aria-hidden=\"true\" class=\"fab fa-twitter\"><\/i>\t\t\t\t\t\t<\/span>\n\t\t\t\t\t\t\t\t\t\t<span class=\"elementor-icon-list-text\"><\/span>\n\t\t\t\t\t\t\t\t\t<\/li>\n\t\t\t\t\t\t\t\t<li class=\"elementor-icon-list-item elementor-inline-item\">\n\t\t\t\t\t\t\t\t\t\t\t<span class=\"elementor-icon-list-icon\">\n\t\t\t\t\t\t\t<i aria-hidden=\"true\" class=\"fab fa-pinterest-p\"><\/i>\t\t\t\t\t\t<\/span>\n\t\t\t\t\t\t\t\t\t\t<span class=\"elementor-icon-list-text\"><\/span>\n\t\t\t\t\t\t\t\t\t<\/li>\n\t\t\t\t\t\t\t\t<li class=\"elementor-icon-list-item elementor-inline-item\">\n\t\t\t\t\t\t\t\t\t\t\t<span class=\"elementor-icon-list-icon\">\n\t\t\t\t\t\t\t<i aria-hidden=\"true\" class=\"fab fa-instagram\"><\/i>\t\t\t\t\t\t<\/span>\n\t\t\t\t\t\t\t\t\t\t<span class=\"elementor-icon-list-text\"><\/span>\n\t\t\t\t\t\t\t\t\t<\/li>\n\t\t\t\t\t\t<\/ul>\n\t\t\t\t\t\t<\/div>\n\t\t\t\t<\/div>\n\t\t\t\t\t<\/div>\n\t\t<\/div>\n\t\t\t\t\t<\/div>\n\t\t<\/section>\n\t\t\t\t\t<\/div>\n\t\t<\/div>\n\t\t\t\t\t<\/div>\n\t\t<\/section>\n\t\t\t\t<section class=\"elementor-section elementor-top-section elementor-element elementor-element-d10db2e elementor-section-full_width elementor-section-height-min-height elementor-section-items-stretch elementor-section-height-default\" data-id=\"d10db2e\" data-element_type=\"section\" data-settings=\"{&quot;background_background&quot;:&quot;classic&quot;}\">\n\t\t\t\t\t\t<div class=\"elementor-container elementor-column-gap-no\">\n\t\t\t\t\t<div class=\"elementor-column elementor-col-100 elementor-top-column elementor-element elementor-element-b326491\" data-id=\"b326491\" data-element_type=\"column\">\n\t\t\t<div class=\"elementor-widget-wrap elementor-element-populated\">\n\t\t\t\t\t\t<div class=\"elementor-element elementor-element-1e32faf elementor-widget elementor-widget-text-editor\" data-id=\"1e32faf\" data-element_type=\"widget\" data-widget_type=\"text-editor.default\">\n\t\t\t\t<div class=\"elementor-widget-container\">\n\t\t\t\t\t\t\t\t\t<p><em>This is a continuously updated page, as we will regularly add information based on its dynamics.<\/p>\n<p><\/em><\/p>\n\t\t\t\t\t\t\t\t<\/div>\n\t\t\t\t<\/div>\n\t\t\t\t\t<\/div>\n\t\t<\/div>\n\t\t\t\t\t<\/div>\n\t\t<\/section>\n\t\t\t\t<section class=\"elementor-section elementor-top-section elementor-element elementor-element-2546c30b elementor-section-full_width elementor-section-height-min-height elementor-section-items-stretch elementor-section-height-default\" data-id=\"2546c30b\" data-element_type=\"section\" data-settings=\"{&quot;background_background&quot;:&quot;classic&quot;}\">\n\t\t\t\t\t\t<div class=\"elementor-container elementor-column-gap-default\">\n\t\t\t\t\t<div class=\"elementor-column elementor-col-100 elementor-top-column elementor-element elementor-element-f4f321f\" data-id=\"f4f321f\" data-element_type=\"column\">\n\t\t\t<div class=\"elementor-widget-wrap elementor-element-populated\">\n\t\t\t\t\t\t<section class=\"elementor-section elementor-inner-section elementor-element elementor-element-f895939 elementor-section-full_width elementor-section-height-default elementor-section-height-default\" data-id=\"f895939\" data-element_type=\"section\">\n\t\t\t\t\t\t<div class=\"elementor-container elementor-column-gap-default\">\n\t\t\t\t\t<div class=\"elementor-column elementor-col-100 elementor-inner-column elementor-element elementor-element-d4bf2be\" data-id=\"d4bf2be\" data-element_type=\"column\">\n\t\t\t<div class=\"elementor-widget-wrap elementor-element-populated\">\n\t\t\t\t\t\t<div class=\"elementor-element elementor-element-a159b29 elementor-view-default elementor-widget elementor-widget-icon\" data-id=\"a159b29\" data-element_type=\"widget\" data-widget_type=\"icon.default\">\n\t\t\t\t<div class=\"elementor-widget-container\">\n\t\t\t\t\t\t\t<div class=\"elementor-icon-wrapper\">\n\t\t\t<div class=\"elementor-icon\">\n\t\t\t<i aria-hidden=\"true\" class=\"far fa-credit-card\"><\/i>\t\t\t<\/div>\n\t\t<\/div>\n\t\t\t\t\t\t<\/div>\n\t\t\t\t<\/div>\n\t\t\t\t<div class=\"elementor-element elementor-element-1fbf2a02 elementor-widget elementor-widget-heading\" data-id=\"1fbf2a02\" data-element_type=\"widget\" data-widget_type=\"heading.default\">\n\t\t\t\t<div class=\"elementor-widget-container\">\n\t\t\t\t\t<h3 class=\"elementor-heading-title elementor-size-default\">Facilities<br><br><\/h3>\t\t\t\t<\/div>\n\t\t\t\t<\/div>\n\t\t\t\t<div class=\"elementor-element elementor-element-03b91a7 elementor-widget elementor-widget-text-editor\" data-id=\"03b91a7\" data-element_type=\"widget\" data-widget_type=\"text-editor.default\">\n\t\t\t\t<div class=\"elementor-widget-container\">\n\t\t\t\t\t\t\t\t\t<p>The West University of Timi\u0219oara offers <b>online access to the curriculum through the<\/b> <b><a href=\"https:\/\/studentweb.uvt.ro\/\">StudentWeb<\/a><\/b> <span style=\"font-weight: 400;\">portal \u2013 an online, extended version of the student card in the NOTES section.<\/span><\/p>\n<p><span style=\"font-weight: 400;\">The student has access to:<br \/> <\/span><\/p>\n<ul>\n<li>Own plan<\/li>\n<li>Plan differences<\/li>\n<li>Restoration plan<\/li>\n<\/ul>\n\t\t\t\t\t\t\t\t<\/div>\n\t\t\t\t<\/div>\n\t\t\t\t\t<\/div>\n\t\t<\/div>\n\t\t\t\t\t<\/div>\n\t\t<\/section>\n\t\t\t\t<div class=\"elementor-element elementor-element-78a3f48 elementor-view-default elementor-widget elementor-widget-icon\" data-id=\"78a3f48\" data-element_type=\"widget\" data-widget_type=\"icon.default\">\n\t\t\t\t<div class=\"elementor-widget-container\">\n\t\t\t\t\t\t\t<div class=\"elementor-icon-wrapper\">\n\t\t\t<div class=\"elementor-icon\">\n\t\t\t<i aria-hidden=\"true\" class=\"fas fa-users\"><\/i>\t\t\t<\/div>\n\t\t<\/div>\n\t\t\t\t\t\t<\/div>\n\t\t\t\t<\/div>\n\t\t\t\t<div class=\"elementor-element elementor-element-5e9b4ad elementor-widget elementor-widget-heading\" data-id=\"5e9b4ad\" data-element_type=\"widget\" data-widget_type=\"heading.default\">\n\t\t\t\t<div class=\"elementor-widget-container\">\n\t\t\t\t\t<h1 class=\"elementor-heading-title elementor-size-default\">Users<\/h1>\t\t\t\t<\/div>\n\t\t\t\t<\/div>\n\t\t\t\t<section class=\"elementor-section elementor-inner-section elementor-element elementor-element-5f6edc70 elementor-section-full_width elementor-section-height-default elementor-section-height-default\" data-id=\"5f6edc70\" data-element_type=\"section\">\n\t\t\t\t\t\t\t<div class=\"elementor-background-overlay\"><\/div>\n\t\t\t\t\t\t\t<div class=\"elementor-container elementor-column-gap-default\">\n\t\t\t\t\t<div class=\"elementor-column elementor-col-100 elementor-inner-column elementor-element elementor-element-126efd7a\" data-id=\"126efd7a\" data-element_type=\"column\" data-settings=\"{&quot;background_background&quot;:&quot;gradient&quot;}\">\n\t\t\t<div class=\"elementor-widget-wrap elementor-element-populated\">\n\t\t\t\t\t<div class=\"elementor-background-overlay\"><\/div>\n\t\t\t\t\t\t<div class=\"elementor-element elementor-element-c5fa237 elementor-widget elementor-widget-heading\" data-id=\"c5fa237\" data-element_type=\"widget\" data-widget_type=\"heading.default\">\n\t\t\t\t<div class=\"elementor-widget-container\">\n\t\t\t\t\t<h2 class=\"elementor-heading-title elementor-size-default\">Students<\/h2>\t\t\t\t<\/div>\n\t\t\t\t<\/div>\n\t\t\t\t<div class=\"elementor-element elementor-element-afbf5fc elementor-align-center elementor-icon-list--layout-traditional elementor-list-item-link-full_width elementor-widget elementor-widget-icon-list\" data-id=\"afbf5fc\" data-element_type=\"widget\" data-widget_type=\"icon-list.default\">\n\t\t\t\t<div class=\"elementor-widget-container\">\n\t\t\t\t\t\t\t<ul class=\"elementor-icon-list-items\">\n\t\t\t\t\t\t\t<li class=\"elementor-icon-list-item\">\n\t\t\t\t\t\t\t\t\t\t\t<span class=\"elementor-icon-list-icon\">\n\t\t\t\t\t\t\t<i aria-hidden=\"true\" class=\"fas fa-check\"><\/i>\t\t\t\t\t\t<\/span>\n\t\t\t\t\t\t\t\t\t\t<span class=\"elementor-icon-list-text\">SSO authentication<\/span>\n\t\t\t\t\t\t\t\t\t<\/li>\n\t\t\t\t\t\t\t\t<li class=\"elementor-icon-list-item\">\n\t\t\t\t\t\t\t\t\t\t\t<span class=\"elementor-icon-list-icon\">\n\t\t\t\t\t\t\t<i aria-hidden=\"true\" class=\"fas fa-check\"><\/i>\t\t\t\t\t\t<\/span>\n\t\t\t\t\t\t\t\t\t\t<span class=\"elementor-icon-list-text\">Show notes<br><\/span>\n\t\t\t\t\t\t\t\t\t<\/li>\n\t\t\t\t\t\t<\/ul>\n\t\t\t\t\t\t<\/div>\n\t\t\t\t<\/div>\n\t\t\t\t\t<\/div>\n\t\t<\/div>\n\t\t\t\t\t<\/div>\n\t\t<\/section>\n\t\t\t\t<div class=\"elementor-element elementor-element-71514a6 elementor-view-default elementor-widget elementor-widget-icon\" data-id=\"71514a6\" data-element_type=\"widget\" data-widget_type=\"icon.default\">\n\t\t\t\t<div class=\"elementor-widget-container\">\n\t\t\t\t\t\t\t<div class=\"elementor-icon-wrapper\">\n\t\t\t<div class=\"elementor-icon\">\n\t\t\t<i aria-hidden=\"true\" class=\"fas fa-arrow-circle-right\"><\/i>\t\t\t<\/div>\n\t\t<\/div>\n\t\t\t\t\t\t<\/div>\n\t\t\t\t<\/div>\n\t\t\t\t<div class=\"elementor-element elementor-element-253da9e elementor-widget elementor-widget-heading\" data-id=\"253da9e\" data-element_type=\"widget\" data-widget_type=\"heading.default\">\n\t\t\t\t<div class=\"elementor-widget-container\">\n\t\t\t\t\t<h1 class=\"elementor-heading-title elementor-size-default\">&nbsp; &nbsp;First steps<br><\/h1>\t\t\t\t<\/div>\n\t\t\t\t<\/div>\n\t\t\t\t<div class=\"elementor-element elementor-element-d020842 elementor-widget elementor-widget-text-editor\" data-id=\"d020842\" data-element_type=\"widget\" data-widget_type=\"text-editor.default\">\n\t\t\t\t<div class=\"elementor-widget-container\">\n\t\t\t\t\t\t\t\t\t<p>The studentweb platform can be accessed at the following link <a href=\"https:\/\/studentweb.uvt.ro\/\">studentweb.uvt.ro<\/a><\/p>\n<p>Authentication is done with the credentials of the institutional e-UVT email account.<\/p>\n\t\t\t\t\t\t\t\t<\/div>\n\t\t\t\t<\/div>\n\t\t\t\t\t<\/div>\n\t\t<\/div>\n\t\t\t\t\t<\/div>\n\t\t<\/section>\n\t\t\t\t<section class=\"elementor-section elementor-top-section elementor-element elementor-element-1742374 elementor-section-boxed elementor-section-height-default elementor-section-height-default\" data-id=\"1742374\" data-element_type=\"section\">\n\t\t\t\t\t\t<div class=\"elementor-container elementor-column-gap-default\">\n\t\t\t\t\t<div class=\"elementor-column elementor-col-100 elementor-top-column elementor-element elementor-element-5305e37\" data-id=\"5305e37\" data-element_type=\"column\">\n\t\t\t<div class=\"elementor-widget-wrap elementor-element-populated\">\n\t\t\t\t\t\t<div class=\"elementor-element elementor-element-d4cb023 elementor-view-default elementor-widget elementor-widget-icon\" data-id=\"d4cb023\" data-element_type=\"widget\" data-widget_type=\"icon.default\">\n\t\t\t\t<div class=\"elementor-widget-container\">\n\t\t\t\t\t\t\t<div class=\"elementor-icon-wrapper\">\n\t\t\t<div class=\"elementor-icon\">\n\t\t\t<i aria-hidden=\"true\" class=\"fas fa-question-circle\"><\/i>\t\t\t<\/div>\n\t\t<\/div>\n\t\t\t\t\t\t<\/div>\n\t\t\t\t<\/div>\n\t\t\t\t<div class=\"elementor-element elementor-element-3bd9757 elementor-widget elementor-widget-heading\" data-id=\"3bd9757\" data-element_type=\"widget\" data-widget_type=\"heading.default\">\n\t\t\t\t<div class=\"elementor-widget-container\">\n\t\t\t\t\t<h1 class=\"elementor-heading-title elementor-size-default\">Get help<\/h1>\t\t\t\t<\/div>\n\t\t\t\t<\/div>\n\t\t\t\t<div class=\"elementor-element elementor-element-b7554f4 elementor-widget elementor-widget-text-editor\" data-id=\"b7554f4\" data-element_type=\"widget\" data-widget_type=\"text-editor.default\">\n\t\t\t\t<div class=\"elementor-widget-container\">\n\t\t\t\t\t\t\t\t\t<p>You can contact us at support@e-uvt.ro<\/p>\n\t\t\t\t\t\t\t\t<\/div>\n\t\t\t\t<\/div>\n\t\t\t\t\t<\/div>\n\t\t<\/div>\n\t\t\t\t\t<\/div>\n\t\t<\/section>\n\t\t\t\t<\/div>\n\t\t","protected":false},"excerpt":{"rendered":"<p>Curriculum This is a continuously updated page, as we will regularly add information based on its dynamics. Facilities The West University of Timi\u0219oara offers online access to the curriculum through the StudentWeb portal \u2013 an online, extended version of the student card in the NOTES section. The student has access to: Own plan Plan differences [&hellip;]<\/p>\n","protected":false},"author":5,"featured_media":0,"parent":0,"menu_order":0,"comment_status":"closed","ping_status":"closed","template":"","meta":{"_monsterinsights_skip_tracking":false,"_monsterinsights_sitenote_active":false,"_monsterinsights_sitenote_note":"","_monsterinsights_sitenote_category":0,"footnotes":""},"class_list":["post-5506","page","type-page","status-publish","hentry"],"yoast_head":"<!-- This site is optimized with the Yoast SEO plugin v24.7 - https:\/\/yoast.com\/wordpress\/plugins\/seo\/ -->\n<title>Curriculum - DTDA<\/title>\n<meta name=\"robots\" content=\"index, follow, max-snippet:-1, max-image-preview:large, max-video-preview:-1\" \/>\n<link rel=\"canonical\" href=\"http:\/\/digital.uvt.ro\/en\/curriculum\/\" \/>\n<meta property=\"og:locale\" content=\"en_US\" \/>\n<meta property=\"og:type\" content=\"article\" \/>\n<meta property=\"og:title\" content=\"Curriculum - DTDA\" \/>\n<meta property=\"og:description\" content=\"Curriculum This is a continuously updated page, as we will regularly add information based on its dynamics. Facilities The West University of Timi\u0219oara offers online access to the curriculum through the StudentWeb portal \u2013 an online, extended version of the student card in the NOTES section. The student has access to: Own plan Plan differences [&hellip;]\" \/>\n<meta property=\"og:url\" content=\"http:\/\/digital.uvt.ro\/en\/curriculum\/\" \/>\n<meta property=\"og:site_name\" content=\"DTDA\" \/>\n<meta property=\"article:modified_time\" content=\"2024-10-28T07:58:39+00:00\" \/>\n<meta property=\"og:image\" content=\"http:\/\/digital.uvt.ro\/wp-content\/uploads\/2022\/09\/AdobeStock_355840289-1024x683.png\" \/>\n<meta name=\"twitter:card\" content=\"summary_large_image\" \/>\n<meta name=\"twitter:label1\" content=\"Est. reading time\" \/>\n\t<meta name=\"twitter:data1\" content=\"1 minute\" \/>\n<script type=\"application\/ld+json\" class=\"yoast-schema-graph\">{\"@context\":\"https:\/\/schema.org\",\"@graph\":[{\"@type\":\"WebPage\",\"@id\":\"http:\/\/digital.uvt.ro\/en\/curriculum\/\",\"url\":\"http:\/\/digital.uvt.ro\/en\/curriculum\/\",\"name\":\"Curriculum - DTDA\",\"isPartOf\":{\"@id\":\"http:\/\/digital.uvt.ro\/#website\"},\"primaryImageOfPage\":{\"@id\":\"http:\/\/digital.uvt.ro\/en\/curriculum\/#primaryimage\"},\"image\":{\"@id\":\"http:\/\/digital.uvt.ro\/en\/curriculum\/#primaryimage\"},\"thumbnailUrl\":\"http:\/\/digital.uvt.ro\/wp-content\/uploads\/2022\/09\/AdobeStock_355840289-1024x683.png\",\"datePublished\":\"2022-09-23T05:32:01+00:00\",\"dateModified\":\"2024-10-28T07:58:39+00:00\",\"breadcrumb\":{\"@id\":\"http:\/\/digital.uvt.ro\/en\/curriculum\/#breadcrumb\"},\"inLanguage\":\"en-US\",\"potentialAction\":[{\"@type\":\"ReadAction\",\"target\":[\"http:\/\/digital.uvt.ro\/en\/curriculum\/\"]}]},{\"@type\":\"ImageObject\",\"inLanguage\":\"en-US\",\"@id\":\"http:\/\/digital.uvt.ro\/en\/curriculum\/#primaryimage\",\"url\":\"http:\/\/digital.uvt.ro\/wp-content\/uploads\/2022\/09\/AdobeStock_355840289-1024x683.png\",\"contentUrl\":\"http:\/\/digital.uvt.ro\/wp-content\/uploads\/2022\/09\/AdobeStock_355840289-1024x683.png\"},{\"@type\":\"BreadcrumbList\",\"@id\":\"http:\/\/digital.uvt.ro\/en\/curriculum\/#breadcrumb\",\"itemListElement\":[{\"@type\":\"ListItem\",\"position\":1,\"name\":\"Home\",\"item\":\"http:\/\/digital.uvt.ro\/en\/home\/\"},{\"@type\":\"ListItem\",\"position\":2,\"name\":\"Curriculum\"}]},{\"@type\":\"WebSite\",\"@id\":\"http:\/\/digital.uvt.ro\/#website\",\"url\":\"http:\/\/digital.uvt.ro\/\",\"name\":\"Digital Transformation and Data Analysis\",\"description\":\"Serviciul Digitalizare \u0219i Analiz\u0103 Date (DTDA) are misiunea de a asigura procese c\u00e2t mai eficiente de transformare digital\u0103 la nivelul comunit\u0103\u021bii academice a UVT, \u00een concordan\u021b\u0103 cu politica institu\u021biei  orientat\u0103 spre digitalizare \u0219i cu reglement\u0103rile legale \u00een vigoare\",\"publisher\":{\"@id\":\"http:\/\/digital.uvt.ro\/#organization\"},\"potentialAction\":[{\"@type\":\"SearchAction\",\"target\":{\"@type\":\"EntryPoint\",\"urlTemplate\":\"http:\/\/digital.uvt.ro\/?s={search_term_string}\"},\"query-input\":{\"@type\":\"PropertyValueSpecification\",\"valueRequired\":true,\"valueName\":\"search_term_string\"}}],\"inLanguage\":\"en-US\"},{\"@type\":\"Organization\",\"@id\":\"http:\/\/digital.uvt.ro\/#organization\",\"name\":\"UVT\",\"url\":\"http:\/\/digital.uvt.ro\/\",\"logo\":{\"@type\":\"ImageObject\",\"inLanguage\":\"en-US\",\"@id\":\"http:\/\/digital.uvt.ro\/#\/schema\/logo\/image\/\",\"url\":\"http:\/\/digital.uvt.ro\/wp-content\/uploads\/2022\/07\/Logo-DTDA-02-1.png\",\"contentUrl\":\"http:\/\/digital.uvt.ro\/wp-content\/uploads\/2022\/07\/Logo-DTDA-02-1.png\",\"width\":1600,\"height\":1599,\"caption\":\"UVT\"},\"image\":{\"@id\":\"http:\/\/digital.uvt.ro\/#\/schema\/logo\/image\/\"}}]}<\/script>\n<!-- \/ Yoast SEO plugin. -->","yoast_head_json":{"title":"Curriculum - DTDA","robots":{"index":"index","follow":"follow","max-snippet":"max-snippet:-1","max-image-preview":"max-image-preview:large","max-video-preview":"max-video-preview:-1"},"canonical":"http:\/\/digital.uvt.ro\/en\/curriculum\/","og_locale":"en_US","og_type":"article","og_title":"Curriculum - DTDA","og_description":"Curriculum This is a continuously updated page, as we will regularly add information based on its dynamics. Facilities The West University of Timi\u0219oara offers online access to the curriculum through the StudentWeb portal \u2013 an online, extended version of the student card in the NOTES section. The student has access to: Own plan Plan differences [&hellip;]","og_url":"http:\/\/digital.uvt.ro\/en\/curriculum\/","og_site_name":"DTDA","article_modified_time":"2024-10-28T07:58:39+00:00","og_image":[{"url":"http:\/\/digital.uvt.ro\/wp-content\/uploads\/2022\/09\/AdobeStock_355840289-1024x683.png","type":"","width":"","height":""}],"twitter_card":"summary_large_image","twitter_misc":{"Est. reading time":"1 minute"},"schema":{"@context":"https:\/\/schema.org","@graph":[{"@type":"WebPage","@id":"http:\/\/digital.uvt.ro\/en\/curriculum\/","url":"http:\/\/digital.uvt.ro\/en\/curriculum\/","name":"Curriculum - DTDA","isPartOf":{"@id":"http:\/\/digital.uvt.ro\/#website"},"primaryImageOfPage":{"@id":"http:\/\/digital.uvt.ro\/en\/curriculum\/#primaryimage"},"image":{"@id":"http:\/\/digital.uvt.ro\/en\/curriculum\/#primaryimage"},"thumbnailUrl":"http:\/\/digital.uvt.ro\/wp-content\/uploads\/2022\/09\/AdobeStock_355840289-1024x683.png","datePublished":"2022-09-23T05:32:01+00:00","dateModified":"2024-10-28T07:58:39+00:00","breadcrumb":{"@id":"http:\/\/digital.uvt.ro\/en\/curriculum\/#breadcrumb"},"inLanguage":"en-US","potentialAction":[{"@type":"ReadAction","target":["http:\/\/digital.uvt.ro\/en\/curriculum\/"]}]},{"@type":"ImageObject","inLanguage":"en-US","@id":"http:\/\/digital.uvt.ro\/en\/curriculum\/#primaryimage","url":"http:\/\/digital.uvt.ro\/wp-content\/uploads\/2022\/09\/AdobeStock_355840289-1024x683.png","contentUrl":"http:\/\/digital.uvt.ro\/wp-content\/uploads\/2022\/09\/AdobeStock_355840289-1024x683.png"},{"@type":"BreadcrumbList","@id":"http:\/\/digital.uvt.ro\/en\/curriculum\/#breadcrumb","itemListElement":[{"@type":"ListItem","position":1,"name":"Home","item":"http:\/\/digital.uvt.ro\/en\/home\/"},{"@type":"ListItem","position":2,"name":"Curriculum"}]},{"@type":"WebSite","@id":"http:\/\/digital.uvt.ro\/#website","url":"http:\/\/digital.uvt.ro\/","name":"Digital Transformation and Data Analysis","description":"Serviciul Digitalizare \u0219i Analiz\u0103 Date (DTDA) are misiunea de a asigura procese c\u00e2t mai eficiente de transformare digital\u0103 la nivelul comunit\u0103\u021bii academice a UVT, \u00een concordan\u021b\u0103 cu politica institu\u021biei  orientat\u0103 spre digitalizare \u0219i cu reglement\u0103rile legale \u00een vigoare","publisher":{"@id":"http:\/\/digital.uvt.ro\/#organization"},"potentialAction":[{"@type":"SearchAction","target":{"@type":"EntryPoint","urlTemplate":"http:\/\/digital.uvt.ro\/?s={search_term_string}"},"query-input":{"@type":"PropertyValueSpecification","valueRequired":true,"valueName":"search_term_string"}}],"inLanguage":"en-US"},{"@type":"Organization","@id":"http:\/\/digital.uvt.ro\/#organization","name":"UVT","url":"http:\/\/digital.uvt.ro\/","logo":{"@type":"ImageObject","inLanguage":"en-US","@id":"http:\/\/digital.uvt.ro\/#\/schema\/logo\/image\/","url":"http:\/\/digital.uvt.ro\/wp-content\/uploads\/2022\/07\/Logo-DTDA-02-1.png","contentUrl":"http:\/\/digital.uvt.ro\/wp-content\/uploads\/2022\/07\/Logo-DTDA-02-1.png","width":1600,"height":1599,"caption":"UVT"},"image":{"@id":"http:\/\/digital.uvt.ro\/#\/schema\/logo\/image\/"}}]}},"_links":{"self":[{"href":"http:\/\/digital.uvt.ro\/en\/wp-json\/wp\/v2\/pages\/5506","targetHints":{"allow":["GET"]}}],"collection":[{"href":"http:\/\/digital.uvt.ro\/en\/wp-json\/wp\/v2\/pages"}],"about":[{"href":"http:\/\/digital.uvt.ro\/en\/wp-json\/wp\/v2\/types\/page"}],"author":[{"embeddable":true,"href":"http:\/\/digital.uvt.ro\/en\/wp-json\/wp\/v2\/users\/5"}],"replies":[{"embeddable":true,"href":"http:\/\/digital.uvt.ro\/en\/wp-json\/wp\/v2\/comments?post=5506"}],"version-history":[{"count":1,"href":"http:\/\/digital.uvt.ro\/en\/wp-json\/wp\/v2\/pages\/5506\/revisions"}],"predecessor-version":[{"id":5507,"href":"http:\/\/digital.uvt.ro\/en\/wp-json\/wp\/v2\/pages\/5506\/revisions\/5507"}],"wp:attachment":[{"href":"http:\/\/digital.uvt.ro\/en\/wp-json\/wp\/v2\/media?parent=5506"}],"curies":[{"name":"wp","href":"https:\/\/api.w.org\/{rel}","templated":true}]}}